{"id":2130,"date":"2023-02-09T20:04:51","date_gmt":"2023-02-09T19:04:51","guid":{"rendered":"https:\/\/serwisokien24h.pl\/?page_id=2130"},"modified":"2023-04-27T20:37:54","modified_gmt":"2023-04-27T18:37:54","slug":"wymiana-szyb-w-oknach-warszawa","status":"publish","type":"page","link":"https:\/\/serwisokien24h.pl\/index.php\/wymiana-szyb-w-oknach-warszawa\/","title":{"rendered":"Wymiana Szyb"},"content":{"rendered":"\t\t<div data-elementor-type=\"wp-page\" data-elementor-id=\"2130\" class=\"elementor elementor-2130\">\n\t\t\t\t\t\t<section class=\"elementor-section elementor-top-section elementor-element elementor-element-2c359c2 elementor-section-full_width elementor-section-height-default elementor-section-height-default\" data-id=\"2c359c2\" data-element_type=\"section\">\n\t\t\t\t\t\t<div class=\"elementor-container elementor-column-gap-no\">\n\t\t\t\t\t<div class=\"elementor-column elementor-col-100 elementor-top-column elementor-element elementor-element-41d5ca5\" data-id=\"41d5ca5\" data-element_type=\"column\">\n\t\t\t<div class=\"elementor-widget-wrap elementor-element-populated\">\n\t\t\t\t\t\t<div class=\"elementor-element elementor-element-af292f8 elementor-widget elementor-widget-aundri_h3_slider\" data-id=\"af292f8\" data-element_type=\"widget\" data-widget_type=\"aundri_h3_slider.default\">\n\t\t\t\t<div class=\"elementor-widget-container\">\n\t\t\t\t\t\t\t\n\n     <script>\n jQuery(document).ready(function($) {\n\n\/\/put the js code under this line \n\n\tif ($(\".banner-carousel\").length) {\n        $(\".banner-carousel\").owlCarousel({\n            loop:true,\n\t\t\tmargin:0,\n\t\t\tnav:true,\n    \t\tactive: true,\n\t\t\tsmartSpeed: 1000,\n\t\t\tautoplay: 6000,\n            responsive:{\n                0:{\n                    items:1\n                },\n                600:{\n                    items:1\n                },\n                800:{\n                    items:1\n                },\n                1024:{\n                    items:1\n                }\n            }\n        });\n    }\n\n\/\/put the code above the line \n\n  });\n<\/script>\n        <!-- banner-section -->\n        <section class=\"banner-section style-three centred \">\n            <div class=\"banner-carousel owl-theme owl-carousel owl-dots-none\">\n\t\t\t\t                <div class=\"slide-item\">\n                    <div class=\"image-layer\" style=\"background-image:url(https:\/\/serwisokien24h.pl\/wp-content\/uploads\/2023\/02\/slider-wymiana-szyb.png)\"><\/div>\n                    <div class=\"auto-container\">\n                        <div class=\"content-box\">\n                            <h4>Profesjonalne Us\u0142ugi w Zakresie Naprawy Okien<\/h4>\n                            <h1>Wymiana Szyb<\/h1>\n\t\t\t\t\t\t\t                        <\/div> \n                    <\/div>\n                <\/div>\n\t\t\t\t            <\/div>\n        <\/section>\n        <!-- banner-section end -->\n            \n\t\t\t\t\t\t<\/div>\n\t\t\t\t<\/div>\n\t\t\t\t\t<\/div>\n\t\t<\/div>\n\t\t\t\t\t<\/div>\n\t\t<\/section>\n\t\t\t\t<section class=\"elementor-section elementor-top-section elementor-element elementor-element-72c8766 elementor-section-stretched elementor-section-boxed elementor-section-height-default elementor-section-height-default\" data-id=\"72c8766\" data-element_type=\"section\" data-settings=\"{&quot;stretch_section&quot;:&quot;section-stretched&quot;}\">\n\t\t\t\t\t\t<div class=\"elementor-container elementor-column-gap-no\">\n\t\t\t\t\t<div class=\"elementor-column elementor-col-50 elementor-top-column elementor-element elementor-element-27fcab2\" data-id=\"27fcab2\" data-element_type=\"column\">\n\t\t\t<div class=\"elementor-widget-wrap elementor-element-populated\">\n\t\t\t\t\t\t<div class=\"elementor-element elementor-element-57fa5d7 elementor-widget elementor-widget-aundri_h3_about_left\" data-id=\"57fa5d7\" data-element_type=\"widget\" data-widget_type=\"aundri_h3_about_left.default\">\n\t\t\t\t<div class=\"elementor-widget-container\">\n\t\t\t\t\t\n        <section class=\"about__section \">\n            <div class=\"auto-container\">\n                <div class=\"row\">\n                    <div class=\"col-lg-12\">\n                        <div class=\"image__block\">\n                            <div class=\"shape-1\" data-parallax='{\"y\": 50}'>\n\t\t\t\t\t\t\t   \n\t\t\t\t\t\t\t<img decoding=\"async\" src=\"https:\/\/serwisokien24h.pl\/wp-content\/uploads\/2023\/02\/image-4-kolo1.png\" alt=\"\"\/>\n\t\t\t\t\t\t\t\t\t\t\t\t\t\t<\/div>\n                            <div class=\"shape-2\" data-parallax='{\"y\": -50}'>\n\t\t\t\t\t\t\t   \n\t\t\t\t\t\t\t<img decoding=\"async\" src=\"https:\/\/serwisokien24h.pl\/wp-content\/uploads\/2023\/02\/image-4kolo2.png\" alt=\"\"\/>\n\t\t\t\t\t\t\t\t\t\t\t\t\t\t<\/div>\n                            <div class=\"shape-3\">\n\t\t\t\t\t\t\t   \n\t\t\t\t\t\t\t<img decoding=\"async\" src=\"https:\/\/serwisokien24h.pl\/wp-content\/uploads\/2021\/04\/shape-3.png\" alt=\"\"\/>\n\t\t\t\t\t\t\t\t\t\t\t\t\t\t<\/div>\n                            <div class=\"shape-4\">\n\t\t\t\t\t\t\t   \n\t\t\t\t\t\t\t<img decoding=\"async\" src=\"https:\/\/serwisokien24h.pl\/wp-content\/uploads\/2021\/04\/shape-3.png\" alt=\"\"\/>\n\t\t\t\t\t\t\t\t\t\t\t\t\t\t<\/div>\n                            <div class=\"image-1\">\n\t\t\t\t\t\t\t   \n\t\t\t\t\t\t\t<img decoding=\"async\" src=\"https:\/\/serwisokien24h.pl\/wp-content\/uploads\/2023\/02\/szyba-image4.-2png.png\" alt=\"\"\/>\n\t\t\t\t\t\t\t\t\t\t\t\t\t\t<\/div>\n                            <div class=\"image-2\" data-parallax='{\"x\": 50}'>\n\t\t\t\t\t\t\t\t\t\t\t\t\t\t<div class=\"noimage\"><\/div>\n\t\t\t\t\t\t\t\t\t\t\t\t\t\t<\/div>\n                        <\/div>\n                    <\/div>\n                <\/div>\n            <\/div>\n        <\/section>\n            \n\t\t\t\t\t\t<\/div>\n\t\t\t\t<\/div>\n\t\t\t\t\t<\/div>\n\t\t<\/div>\n\t\t\t\t<div class=\"elementor-column elementor-col-50 elementor-top-column elementor-element elementor-element-caeff73\" data-id=\"caeff73\" data-element_type=\"column\">\n\t\t\t<div class=\"elementor-widget-wrap elementor-element-populated\">\n\t\t\t\t\t\t<div class=\"elementor-element elementor-element-15c36d1 elementor-widget elementor-widget-aundri_h3_about_right\" data-id=\"15c36d1\" data-element_type=\"widget\" data-widget_type=\"aundri_h3_about_right.default\">\n\t\t\t\t<div class=\"elementor-widget-container\">\n\t\t\t\t\t\n        <section class=\"about__section change-glass-section\">\n            <div class=\"auto-container\">\n                <div class=\"row\">\n                    <div class=\"col-lg-12\">\n                        <div class=\"content__block\">\n\t\t\t\t\t\t\t                            <div class=\"sec__title mb-40\">\n                                <div class=\"sub__title\">Wymiana Szyb w Oknach<br> Drzwiach Witrynach Fasadach<\/div>\n                                <h2>Nasza firma zajmuje si\u0119 wymian\u0105 szyb w oknach, drzwiach, witrynach, fasadach<\/h2>\n                            <\/div>\n\t\t\t\t\t\t\t                            <div class=\"text\">Nieprawid\u0142owe funkcjonowanie okna znacznie pogarsza termoizolacje naszego domu\/mieszkania, co w rezultacie ma du\u017cy wp\u0142yw na wysoko\u015b\u0107 rachunk\u00f3w za ogrzewanie. Kolejn\u0105 zalet\u0105 sprawnych okien jest d\u017awi\u0119koszczelno\u015b\u0107, kt\u00f3ra poprawi nam komfort \u017cycia. <\/div>\n                            <ul class=\"list\">\n\t\t\t\t\t\t\t\t                                <li>Zbita szyba w oknie?<\/li>\n\t\t\t\t\t\t\t\t                                <li>Zbita szyba w drzwiach?\n<\/li>\n\t\t\t\t\t\t\t\t                                <li>Zbita szyba w witrynie sklepowej?<\/li>\n\t\t\t\t\t\t\t\t                                <li>Szyby w domu rozszczelni\u0142y si\u0119?<\/li>\n\t\t\t\t\t\t\t\t                                <li>Pojawi\u0142a si\u0119 para mi\u0119dzy szybami?\n<\/li>\n\t\t\t\t\t\t\t\t                                <li>Mo\u017ce masz jeszcze jaki\u015b inny problem z szybami? <\/li>\n\t\t\t\t\t\t\t\t                            <\/ul>\n\t\t\t\t\t\t\t                            <div class=\"link-btn\"><a href=\"https:\/\/serwisokien24h.pl\/index.php\/kontakt\/\" class=\"theme-btn style-three\">Skontaktuj si\u0119<\/a><\/div>\n\t\t\t\t\t\t\t                        <\/div>\n                    <\/div>\n                <\/div>\n            <\/div>\n        <\/section>\n            \n\t\t\t\t\t\t<\/div>\n\t\t\t\t<\/div>\n\t\t\t\t\t<\/div>\n\t\t<\/div>\n\t\t\t\t\t<\/div>\n\t\t<\/section>\n\t\t\t\t<section class=\"elementor-section elementor-top-section elementor-element elementor-element-9a0e1a3 elementor-section-full_width elementor-section-height-default elementor-section-height-default\" data-id=\"9a0e1a3\" data-element_type=\"section\">\n\t\t\t\t\t\t<div class=\"elementor-container elementor-column-gap-no\">\n\t\t\t\t\t<div class=\"elementor-column elementor-col-100 elementor-top-column elementor-element elementor-element-7a51cbc\" data-id=\"7a51cbc\" data-element_type=\"column\">\n\t\t\t<div class=\"elementor-widget-wrap elementor-element-populated\">\n\t\t\t\t\t\t<div class=\"elementor-element elementor-element-656d950 elementor-widget elementor-widget-aundri_h3_working\" data-id=\"656d950\" data-element_type=\"widget\" data-widget_type=\"aundri_h3_working.default\">\n\t\t\t\t<div class=\"elementor-widget-container\">\n\t\t\t\t\t\n        <section class=\"wodkingprocess__section \">\n            <div class=\"auto-container\">\n\t\t\t\t                <div class=\"sec__title text-center\">\n                    <div class=\"sub__title\">Wsp\u00f3\u0142praca<\/div>\n                    <h2>Jak dzia\u0142amy?<\/h2>\n                <\/div>\n\t\t\t\t                <div class=\"row\">\n\t\t\t\t\t                    <div class=\"col-lg-4 workprocess__block\">\n                        <div class=\"inner-box wow fadeInUp animated animated\" data-wow-delay=\"00ms\" data-wow-duration=\"1500ms\">\n                            <div class=\"shape-1\"><img decoding=\"async\" src=\"https:\/\/serwisokien24h.pl\/wp-content\/uploads\/2021\/04\/shape-12.png\" alt=\"\"><\/div>\n                            <div class=\"count\">01<\/div>\n                            <h4>Skontaktuj si\u0119 z nami <\/h4>\n                            <div class=\"text\">Nasz doradca zada kilka pyta\u0144 odno\u015bnie Twojego problemu. Poprosi Ci\u0119 te\u017c o zbli\u017cony wymiar szyby. Zazwyczaj na takiej podstawie jeste\u015bmy w stanie poda\u0107 orientacyjne koszty.<\/div>\n                        <\/div>\n                    <\/div>\n\t\t\t\t\t                    <div class=\"col-lg-4 workprocess__block\">\n                        <div class=\"inner-box wow fadeInUp animated animated\" data-wow-delay=\"00ms\" data-wow-duration=\"1500ms\">\n                            <div class=\"shape-1\"><img decoding=\"async\" src=\"https:\/\/serwisokien24h.pl\/wp-content\/uploads\/2021\/04\/shape-12.png\" alt=\"\"><\/div>\n                            <div class=\"count\">02<\/div>\n                            <h4>Wizyta Serwisanta<\/h4>\n                            <div class=\"text\">Um\u00f3wimy dogodny dla dw\u00f3ch stron termin pomiaru. Po pomiarze podajemy dok\u0142adne koszty szyby z wymian\u0105.  Termin realizacji w zale\u017cno\u015bci od pakietu szyb od 5 do 15 dni roboczych.\n<\/div>\n                        <\/div>\n                    <\/div>\n\t\t\t\t\t                    <div class=\"col-lg-4 workprocess__block\">\n                        <div class=\"inner-box wow fadeInUp animated animated\" data-wow-delay=\"00ms\" data-wow-duration=\"1500ms\">\n                            <div class=\"shape-1\"><img decoding=\"async\" src=\"https:\/\/serwisokien24h.pl\/wp-content\/uploads\/2021\/04\/shape-12.png\" alt=\"\"><\/div>\n                            <div class=\"count\">03<\/div>\n                            <h4>Zap\u0142a\u0107 Wygodnie<\/h4>\n                            <div class=\"text\">Skorzystaj z wygodnych p\u0142atno\u015bci: blik, przelew na telefon, p\u0142atno\u015bc kart\u0105<\/div>\n                        <\/div>\n                    <\/div>\n\t\t\t\t\t                <\/div>\n            <\/div>\n        <\/section>\n            \n\t\t\t\t\t\t<\/div>\n\t\t\t\t<\/div>\n\t\t\t\t<div class=\"elementor-element elementor-element-3ee6152 elementor-widget elementor-widget-aundri_h3_chooseus\" data-id=\"3ee6152\" data-element_type=\"widget\" data-widget_type=\"aundri_h3_chooseus.default\">\n\t\t\t\t<div class=\"elementor-widget-container\">\n\t\t\t\t\t\n        <section class=\"why_chooseus\">\n\t\t\t            <div class=\"sec__bg\" style=\"background-image: url(https:\/\/serwisokien24h.pl\/wp-content\/uploads\/2023\/02\/image-5-kopia.png);\">\n\t\t\t\t\t\t<\/div>\n            <div class=\"shape-1\">\n\t\t\t   \n\t\t\t<img decoding=\"async\" src=\"https:\/\/serwisokien24h.pl\/wp-content\/uploads\/2021\/04\/shape-9.png\" alt=\"\"\/>\n\t\t\t\t\t\t<\/div>\n            <div class=\"auto-container\">\n                <div class=\"row\">\n                    <div class=\"col-lg-8 offset-lg-4\">\n                        <div class=\"content\">\n\t\t\t\t\t\t\t                            <div class=\"sec__title mb-40\">\n                                <div class=\"sub__title\">DLaczego my?<\/div>\n                                <h2>Dlaczego wybra\u0107 nasz\u0105 firm\u0119?<\/h2>\n                            <\/div>\n\t\t\t\t\t\t\t\t\t\t\t\t\t\t                            <div class=\"whychoose__block\">\n                                <div class=\"inner-box wow fadeInUp animated animated\" data-wow-delay=\"00ms\" data-wow-duration=\"1500ms\">\n                                    <div class=\"shape-2\"><img decoding=\"async\" src=\"https:\/\/serwisokien24h.pl\/wp-content\/uploads\/2021\/04\/shape-10.png\" alt=\"\"><\/div>\n                                    <div class=\"icon\"><i class=\" icon-aundri-17\"><\/i><\/div>\n                                    <h4>Wykwalifikowany i do\u015bwiadczony serwisant<\/h4>\n                                    <div class=\"text\">Nasz serwisant posiada wiedz\u0119 i umiej\u0119tno\u015bci potrzebne do szybkiej i skutecznej naprawy, co zapewnia naszym klientom najlepsze mo\u017cliwe rezultaty.<\/div>\n                                <\/div>\n                            <\/div>\n\t\t\t\t\t\t\t                            <div class=\"whychoose__block\">\n                                <div class=\"inner-box wow fadeInUp animated animated\" data-wow-delay=\"00ms\" data-wow-duration=\"1500ms\">\n                                    <div class=\"shape-2\"><img decoding=\"async\" src=\"https:\/\/serwisokien24h.pl\/wp-content\/uploads\/2021\/04\/shape-10.png\" alt=\"\"><\/div>\n                                    <div class=\"icon\"><i class=\"fab fa-laravel\"><\/i><\/div>\n                                    <h4>Najlepsze praktyki i najnowocze\u015bniejsze technologie<\/h4>\n                                    <div class=\"text\">Stosujemy tylko najlepsze praktyki i najnowocze\u015bniejsze technologie, aby zapewni\u0107 naszym klientom najlepsze mo\u017cliwe rezultaty. Jeste\u015bmy zawsze na bie\u017c\u0105co z najnowszymi rozwi\u0105zaniami i oferujemy naszym klientom niezawodne i skuteczne us\u0142ugi naprawy.<\/div>\n                                <\/div>\n                            <\/div>\n\t\t\t\t\t\t\t                        <\/div>\n                    <\/div>\n                <\/div>\n            <\/div>\n        <\/section>\n            \n\t\t\t\t\t\t<\/div>\n\t\t\t\t<\/div>\n\t\t\t\t\t<\/div>\n\t\t<\/div>\n\t\t\t\t\t<\/div>\n\t\t<\/section>\n\t\t\t\t<section class=\"elementor-section elementor-top-section elementor-element elementor-element-13b919b elementor-section-full_width elementor-section-stretched elementor-section-height-default elementor-section-height-default\" data-id=\"13b919b\" data-element_type=\"section\" data-settings=\"{&quot;stretch_section&quot;:&quot;section-stretched&quot;}\">\n\t\t\t\t\t\t<div class=\"elementor-container elementor-column-gap-no\">\n\t\t\t\t\t<div class=\"elementor-column elementor-col-100 elementor-top-column elementor-element elementor-element-bf7dd0e\" data-id=\"bf7dd0e\" data-element_type=\"column\">\n\t\t\t<div class=\"elementor-widget-wrap elementor-element-populated\">\n\t\t\t\t\t\t<div class=\"elementor-element elementor-element-db0dc72 animated-slow elementor-invisible elementor-widget elementor-widget-aundri_pricing\" data-id=\"db0dc72\" data-element_type=\"widget\" data-settings=\"{&quot;_animation&quot;:&quot;fadeIn&quot;}\" data-widget_type=\"aundri_pricing.default\">\n\t\t\t\t<div class=\"elementor-widget-container\">\n\t\t\t\t\t\n        <!-- pricing-section -->\n        <section class=\"koszt-naprawy pricing-section\">\n\t\t\t\t\n\t\t\t<div class=\"map-layer noimage\" >\n\t\t\t\t\t\t<\/div>\n            <div class=\"auto-container\">\n\t\t\t\t                <div class=\"sec-title centred\">\n                    <p>W przypadku gdy usterka nie zostanie usuni\u0119ta nie pobieramy \u017cadnych op\u0142at!<\/p>\n                    <h2>Ile kosztuje wymiana szyby?<\/h2>\n\t\t\t\t\t                    <img decoding=\"async\" src=\"https:\/\/serwisokien24h.pl\/wp-content\/uploads\/2023\/02\/image-4-kolo1.png\" alt=\"\">\n\t\t\t\t\t                <\/div>\n\t\t\t\t                <div class=\"pricing-inner centred\">\n                    <div class=\"row clearfix\">\n\t\t\t\t\t\t                        <div class=\"col-lg-12 col-md-6 col-sm-12 pricing-block\">\n                            <div class=\"pricing-block-one wow fadeInUp animated animated\" data-wow-delay=\"00ms\" data-wow-duration=\"1500ms\">\n                                <div class=\"icon-box\"><i class=\"fas fa-angle-double-down\"><\/i><\/div>\n                                <div class=\"inner-box\">\n                                    <span>Ka\u017cd\u0105 szyb\u0119 wyceniamy indywidualnie. Wycena bezp\u0142atna przez telefon. <\/span>\n                                    <h3><\/h3>\n                                    <div class=\"link\"><a href=\"https:\/\/serwisokien24h.pl\/index.php\/kontakt\/\"><i class=\"fas fa-angle-right\"><\/i><\/a><\/div>\n                                    <div class=\"light-icon\"><i class=\"fas fa-angle-double-down\"><\/i><\/div>\n                                <\/div>\n                            <\/div>\n                        <\/div>\n\t\t\t\t\t\t                    <\/div>\n                <\/div>\n            <\/div>\n        <\/section>\n        <!-- pricing-section end -->\n            \n\t\t\t\t\t\t<\/div>\n\t\t\t\t<\/div>\n\t\t\t\t\t<\/div>\n\t\t<\/div>\n\t\t\t\t\t<\/div>\n\t\t<\/section>\n\t\t\t\t<section class=\"elementor-section elementor-top-section elementor-element elementor-element-4862929 elementor-section-full_width elementor-section-height-default elementor-section-height-default\" data-id=\"4862929\" data-element_type=\"section\" data-settings=\"{&quot;background_background&quot;:&quot;classic&quot;}\">\n\t\t\t\t\t\t<div class=\"elementor-container elementor-column-gap-no\">\n\t\t\t\t\t<div class=\"elementor-column elementor-col-100 elementor-top-column elementor-element elementor-element-dda89aa\" data-id=\"dda89aa\" data-element_type=\"column\">\n\t\t\t<div class=\"elementor-widget-wrap elementor-element-populated\">\n\t\t\t\t\t\t<div class=\"elementor-element elementor-element-8fe7c43 elementor-widget elementor-widget-aundri_h3_cta\" data-id=\"8fe7c43\" data-element_type=\"widget\" data-widget_type=\"aundri_h3_cta.default\">\n\t\t\t\t<div class=\"elementor-widget-container\">\n\t\t\t\t\t\n        <section class=\"cta__section \">\n            <div class=\"auto-container\">\n                <div class=\"row align-items-center\">\n                    <div class=\"col-lg-8\">\n                        <h2>Zadzwo\u0144 i um\u00f3w si\u0119 na spotkanie <\/h2>\n                    <\/div>\n                    <div class=\"col-lg-4\">\n\t\t\t\t\t\t                        <div class=\"link-btn\"><a href=\"tel:48503913907\" class=\"theme-btn style-three\"><i class=\"icon-aundri-12\"><\/i> 503 913 907<\/a><\/div>\n\t\t\t\t\t\t                    <\/div>\n                <\/div>\n            <\/div>\n        <\/section>\n            \n\t\t\t\t\t\t<\/div>\n\t\t\t\t<\/div>\n\t\t\t\t\t<\/div>\n\t\t<\/div>\n\t\t\t\t\t<\/div>\n\t\t<\/section>\n\t\t\t\t<section class=\"elementor-section elementor-top-section elementor-element elementor-element-7af802c elementor-section-boxed elementor-section-height-default elementor-section-height-default\" data-id=\"7af802c\" data-element_type=\"section\">\n\t\t\t\t\t\t<div class=\"elementor-container elementor-column-gap-default\">\n\t\t\t\t\t<div class=\"elementor-column elementor-col-100 elementor-top-column elementor-element elementor-element-cb7c145\" data-id=\"cb7c145\" data-element_type=\"column\">\n\t\t\t<div class=\"elementor-widget-wrap elementor-element-populated\">\n\t\t\t\t\t\t<div class=\"elementor-element elementor-element-2282424 elementor-widget elementor-widget-text-editor\" data-id=\"2282424\" data-element_type=\"widget\" data-widget_type=\"text-editor.default\">\n\t\t\t\t\t\t\t\t\tNasze us\u0142ugi wykonujemy na terenie ca\u0142ej Warszawy i po\u0142udniowych powiatach.<br>\nNaprawa Okien Piaseczno, Naprawa okien Konstancin, Naprawa okien Wilan\u00f3w, Naprawa okien Warszawa, Naprawa Okien Ursyn\u00f3w, Naprawa Okien Mokot\u00f3w, Naprawa Okien Ochota, Naprawa Okien Bemowo, Naprawa Okien\t\t\t\t\t\t\t\t<\/div>\n\t\t\t\t\t<\/div>\n\t\t<\/div>\n\t\t\t\t\t<\/div>\n\t\t<\/section>\n\t\t\t\t<\/div>\n\t\t","protected":false},"excerpt":{"rendered":"<p>Profesjonalne Us\u0142ugi w Zakresie Naprawy Okien Wymiana Szyb Wymiana Szyb w Oknach Drzwiach Witrynach Fasadach Nasza firma zajmuje si\u0119 wymian\u0105 szyb w oknach, drzwiach, witrynach, fasadach Nieprawid\u0142owe funkcjonowanie okna znacznie pogarsza termoizolacje naszego domu\/mieszkania, co w rezultacie ma du\u017cy wp\u0142yw na wysoko\u015b\u0107 rachunk\u00f3w za ogrzewanie. Kolejn\u0105 zalet\u0105 sprawnych okien jest d\u017awi\u0119koszczelno\u015b\u0107, kt\u00f3ra poprawi nam komfort [&hellip;]<\/p>\n","protected":false},"author":1,"featured_media":0,"parent":0,"menu_order":0,"comment_status":"closed","ping_status":"closed","template":"tpl-default-elementor.php","meta":{"footnotes":""},"class_list":["post-2130","page","type-page","status-publish","hentry"],"_links":{"self":[{"href":"https:\/\/serwisokien24h.pl\/index.php\/wp-json\/wp\/v2\/pages\/2130","targetHints":{"allow":["GET"]}}],"collection":[{"href":"https:\/\/serwisokien24h.pl\/index.php\/wp-json\/wp\/v2\/pages"}],"about":[{"href":"https:\/\/serwisokien24h.pl\/index.php\/wp-json\/wp\/v2\/types\/page"}],"author":[{"embeddable":true,"href":"https:\/\/serwisokien24h.pl\/index.php\/wp-json\/wp\/v2\/users\/1"}],"replies":[{"embeddable":true,"href":"https:\/\/serwisokien24h.pl\/index.php\/wp-json\/wp\/v2\/comments?post=2130"}],"version-history":[{"count":11,"href":"https:\/\/serwisokien24h.pl\/index.php\/wp-json\/wp\/v2\/pages\/2130\/revisions"}],"predecessor-version":[{"id":2146,"href":"https:\/\/serwisokien24h.pl\/index.php\/wp-json\/wp\/v2\/pages\/2130\/revisions\/2146"}],"wp:attachment":[{"href":"https:\/\/serwisokien24h.pl\/index.php\/wp-json\/wp\/v2\/media?parent=2130"}],"curies":[{"name":"wp","href":"https:\/\/api.w.org\/{rel}","templated":true}]}}