{"id":410,"date":"2020-11-16T08:20:53","date_gmt":"2020-11-16T07:20:53","guid":{"rendered":"http:\/\/july.commonsupport.com\/aundri\/?page_id=410"},"modified":"2023-03-10T22:10:44","modified_gmt":"2023-03-10T21:10:44","slug":"kontakt","status":"publish","type":"page","link":"https:\/\/serwisokien24h.pl\/index.php\/kontakt\/","title":{"rendered":"Kontakt"},"content":{"rendered":"\t\t<div data-elementor-type=\"wp-page\" data-elementor-id=\"410\" class=\"elementor elementor-410\">\n\t\t\t\t\t\t<section class=\"elementor-section elementor-top-section elementor-element elementor-element-19645e9 elementor-section-boxed elementor-section-height-default elementor-section-height-default\" data-id=\"19645e9\" data-element_type=\"section\">\n\t\t\t\t\t\t<div class=\"elementor-container elementor-column-gap-no\">\n\t\t\t\t\t<div class=\"elementor-column elementor-col-66 elementor-top-column elementor-element elementor-element-405f9c56\" data-id=\"405f9c56\" data-element_type=\"column\">\n\t\t\t<div class=\"elementor-widget-wrap elementor-element-populated\">\n\t\t\t\t\t\t<div class=\"elementor-element elementor-element-379e4e99 elementor-widget elementor-widget-aundri_contact_left2\" data-id=\"379e4e99\" data-element_type=\"widget\" data-widget_type=\"aundri_contact_left2.default\">\n\t\t\t\t<div class=\"elementor-widget-container\">\n\t\t\t\t\t\n        <!-- contact-style-two -->\n        <section class=\" contact-style-two\">\n            <div class=\"auto-container\">\n                <div class=\"row clearfix\">\n                    <div class=\"col-lg-12 col-md-12 col-sm-12 form-column\">\n                        <div class=\"content_block_6\">\n                            <div class=\"content-box\">\n                                \t\t\t\t\t\t\t\t<div class=\"sec-title\">\n\t\t\t\t\t\t\t\t\t<p>Skontaktuj si\u0119 z nami<\/p>\n\t\t\t\t\t\t\t\t\t<h2>Napisz Wiadomo\u015b\u0107<\/h2>\n\t\t\t\t\t\t\t\t\t\t\t\t\t\t\t\t\t\t\t\t\t\t\t\t\t\t<\/div>\n\t\t\t\t\t\t\t\t                                \n<div class=\"wpcf7 no-js\" id=\"wpcf7-f439-o1\" lang=\"en-US\" dir=\"ltr\" data-wpcf7-id=\"439\">\n<div class=\"screen-reader-response\"><p role=\"status\" aria-live=\"polite\" aria-atomic=\"true\"><\/p> <ul><\/ul><\/div>\n<form action=\"\/index.php\/wp-json\/wp\/v2\/pages\/410#wpcf7-f439-o1\" method=\"post\" class=\"wpcf7-form init\" aria-label=\"Contact form\" novalidate=\"novalidate\" data-status=\"init\">\n<div style=\"display: none;\">\n<input type=\"hidden\" name=\"_wpcf7\" value=\"439\" \/>\n<input type=\"hidden\" name=\"_wpcf7_version\" value=\"6.0.6\" \/>\n<input type=\"hidden\" name=\"_wpcf7_locale\" value=\"en_US\" \/>\n<input type=\"hidden\" name=\"_wpcf7_unit_tag\" value=\"wpcf7-f439-o1\" \/>\n<input type=\"hidden\" name=\"_wpcf7_container_post\" value=\"0\" \/>\n<input type=\"hidden\" name=\"_wpcf7_posted_data_hash\" value=\"\" \/>\n<\/div>\n<div class=\"default-form\">\n\t<div class=\"row clearfix\">\n\t\t<div class=\"col-lg-6 col-md-6 col-sm-12 form-group\">\n\t\t\t<p><span class=\"wpcf7-form-control-wrap\" data-name=\"text-880\"><input size=\"40\" maxlength=\"400\" class=\"wpcf7-form-control wpcf7-text wpcf7-validates-as-required\" aria-required=\"true\" aria-invalid=\"false\" placeholder=\"Imi\u0119 \/ Nazwa\" value=\"\" type=\"text\" name=\"text-880\" \/><\/span>\n\t\t\t<\/p>\n\t\t<\/div>\n\t\t<div class=\"col-lg-6 col-md-6 col-sm-12 form-group\">\n\t\t\t<p><span class=\"wpcf7-form-control-wrap\" data-name=\"email-390\"><input size=\"40\" maxlength=\"400\" class=\"wpcf7-form-control wpcf7-email wpcf7-validates-as-required wpcf7-text wpcf7-validates-as-email\" aria-required=\"true\" aria-invalid=\"false\" placeholder=\"Email\" value=\"\" type=\"email\" name=\"email-390\" \/><\/span>\n\t\t\t<\/p>\n\t\t<\/div>\n\t\t<div class=\"col-lg-6 col-md-12 col-sm-12 form-group\">\n\t\t\t<p><span class=\"wpcf7-form-control-wrap\" data-name=\"text-883\"><input size=\"40\" maxlength=\"400\" class=\"wpcf7-form-control wpcf7-text wpcf7-validates-as-required\" aria-required=\"true\" aria-invalid=\"false\" placeholder=\"Numer Telefonu\" value=\"\" type=\"text\" name=\"text-883\" \/><\/span>\n\t\t\t<\/p>\n\t\t<\/div>\n\t\t<div class=\"col-lg-6 col-md-12 col-sm-12 form-group\">\n\t\t\t<p><span class=\"wpcf7-form-control-wrap\" data-name=\"text-881\"><input size=\"40\" maxlength=\"400\" class=\"wpcf7-form-control wpcf7-text wpcf7-validates-as-required\" aria-required=\"true\" aria-invalid=\"false\" placeholder=\"Temat\" value=\"\" type=\"text\" name=\"text-881\" \/><\/span>\n\t\t\t<\/p>\n\t\t<\/div>\n\t\t<div class=\"col-lg-12 col-md-12 col-sm-12 form-group\">\n\t\t\t<p><span class=\"wpcf7-form-control-wrap\" data-name=\"textarea-427\"><textarea cols=\"40\" rows=\"10\" maxlength=\"2000\" class=\"wpcf7-form-control wpcf7-textarea wpcf7-validates-as-required\" aria-required=\"true\" aria-invalid=\"false\" placeholder=\"Wiadomo\u015b\u0107\" name=\"textarea-427\"><\/textarea><\/span>\n\t\t\t<\/p>\n\t\t<\/div>\n\n <!-- Tutaj wstawiamy pole honeypot (niewidoczne dla u\u017cytkownika) -->\n\t\t<div class=\"col-lg-12 col-md-12 col-sm-12 form-group\" style=\"display:none;\">\n\t\t\t<p>[honeypot oakfyg3374]\n\t\t\t<\/p>\n\t\t<\/div>\n\t\t<div class=\"col-lg-12 col-md-12 col-sm-12 form-group message-btn\">\n\t\t\t<p><button class=\"theme-btn style-one\" type=\"submit\" name=\"submit-form\">Wy\u015blij Wiadomo\u015b\u0107<\/button>\n\t\t\t<\/p>\n\t\t<\/div>\n\t<\/div>\n<\/div><div class=\"wpcf7-response-output\" aria-hidden=\"true\"><\/div>\n<\/form>\n<\/div>\n                            <\/div>\n                        <\/div>\n                    <\/div>\n                <\/div>\n            <\/div>\n        <\/section>\n        <!-- contact-style-two end -->\n            \n\t\t\t\t\t\t<\/div>\n\t\t\t\t<\/div>\n\t\t\t\t\t<\/div>\n\t\t<\/div>\n\t\t\t\t<div class=\"elementor-column elementor-col-33 elementor-top-column elementor-element elementor-element-60f4ca76\" data-id=\"60f4ca76\" data-element_type=\"column\">\n\t\t\t<div class=\"elementor-widget-wrap elementor-element-populated\">\n\t\t\t\t\t\t<div class=\"elementor-element elementor-element-65b98c8e elementor-widget elementor-widget-aundri_contact_right2\" data-id=\"65b98c8e\" data-element_type=\"widget\" data-widget_type=\"aundri_contact_right2.default\">\n\t\t\t\t<div class=\"elementor-widget-container\">\n\t\t\t\t\t\n        <!-- contact-style-two -->\n        <section class=\" contact-style-two\">\n            <div class=\"auto-container\">\n                <div class=\"row clearfix\">\n                    <div class=\"col-lg-12 col-md-12 col-sm-12 info-column\">\n                        <div class=\"info-inner\">\n                            <ul class=\"info-list clearfix\">\n\t\t\t\t\t\t\t\t                                <li>\n                                    <i class=\" flaticon-telephone\"><\/i>\n                                    <p>Telefon<\/p>\n                                    <h6><a href=\"\">503 913 907<\/a><\/h6>\n                                <\/li>\n\t\t\t\t\t\t\t\t                                <li>\n                                    <i class=\" flaticon-telephone\"><\/i>\n                                    <p>Telefon<\/p>\n                                    <h6><a href=\"\">667 244 797<\/a><\/h6>\n                                <\/li>\n\t\t\t\t\t\t\t\t                                <li>\n                                    <i class=\"fas fa-envelope\"><\/i>\n                                    <p>Napisz<\/p>\n                                    <h6><a href=\"\">biuro@serwisokien24h.pl<\/a><\/h6>\n                                <\/li>\n\t\t\t\t\t\t\t\t                                <li>\n                                    <i class=\"fas fa-clock\"><\/i>\n                                    <p>Godziny Pracy<\/p>\n                                    <h6><a href=\"\">8:00 - 21:00<\/a><\/h6>\n                                <\/li>\n\t\t\t\t\t\t\t\t                                <li>\n                                    <i class=\"fas fa-map-marker-alt\"><\/i>\n                                    <p>Obs\u0142ugujemy<\/p>\n                                    <h6><a href=\"\">Warszawa i okolice<\/a><\/h6>\n                                <\/li>\n\t\t\t\t\t\t\t\t                            <\/ul>\n\t\t\t\t\t\t\t                            <div class=\"btn-box\"><a href=\"tel:503913907\" class=\"theme-btn style-one\">Zadzwo\u0144<\/a><\/div>\n\t\t\t\t\t\t\t                        <\/div>\n                    <\/div>\n                <\/div>\n            <\/div>\n        <\/section>\n        <!-- contact-style-two end -->\n            \n\t\t\t\t\t\t<\/div>\n\t\t\t\t<\/div>\n\t\t\t\t\t<\/div>\n\t\t<\/div>\n\t\t\t\t\t<\/div>\n\t\t<\/section>\n\t\t\t\t<section class=\"elementor-section elementor-top-section elementor-element elementor-element-5fd87cb elementor-section-full_width elementor-section-stretched elementor-section-height-default elementor-section-height-default\" data-id=\"5fd87cb\" data-element_type=\"section\" data-settings=\"{&quot;stretch_section&quot;:&quot;section-stretched&quot;}\">\n\t\t\t\t\t\t<div class=\"elementor-container elementor-column-gap-no\">\n\t\t\t\t\t<div class=\"elementor-column elementor-col-100 elementor-top-column elementor-element elementor-element-a6e7dc4\" data-id=\"a6e7dc4\" data-element_type=\"column\">\n\t\t\t<div class=\"elementor-widget-wrap elementor-element-populated\">\n\t\t\t\t\t\t<div class=\"elementor-element elementor-element-8a0d68e elementor-widget elementor-widget-google_maps\" data-id=\"8a0d68e\" data-element_type=\"widget\" data-widget_type=\"google_maps.default\">\n\t\t\t\t\t\t\t<div class=\"elementor-custom-embed\">\n\t\t\t<iframe loading=\"lazy\"\n\t\t\t\t\tsrc=\"https:\/\/maps.google.com\/maps?q=SERWIS%20OKIEN%20I%20NAPRAWA%20OKIEN%20I%20WYMIANA%20SZYB%20I%20REGULACJA%20OKIEN&#038;t=m&#038;z=9&#038;output=embed&#038;iwloc=near\"\n\t\t\t\t\ttitle=\"SERWIS OKIEN I NAPRAWA OKIEN I WYMIANA SZYB I REGULACJA OKIEN\"\n\t\t\t\t\taria-label=\"SERWIS OKIEN I NAPRAWA OKIEN I WYMIANA SZYB I REGULACJA OKIEN\"\n\t\t\t><\/iframe>\n\t\t<\/div>\n\t\t\t\t\t\t<\/div>\n\t\t\t\t\t<\/div>\n\t\t<\/div>\n\t\t\t\t\t<\/div>\n\t\t<\/section>\n\t\t\t\t<\/div>\n\t\t","protected":false},"excerpt":{"rendered":"<p>Skontaktuj si\u0119 z nami Napisz Wiadomo\u015b\u0107 Wy\u015blij Wiadomo\u015b\u0107 Telefon 503 913 907 Telefon 667 244 797 Napisz biuro@serwisokien24h.pl Godziny Pracy 8:00 &#8211; 21:00 Obs\u0142ugujemy Warszawa i okolice Zadzwo\u0144<\/p>\n","protected":false},"author":1,"featured_media":0,"parent":0,"menu_order":0,"comment_status":"closed","ping_status":"closed","template":"tpl-default-elementor.php","meta":{"footnotes":""},"class_list":["post-410","page","type-page","status-publish","hentry"],"_links":{"self":[{"href":"https:\/\/serwisokien24h.pl\/index.php\/wp-json\/wp\/v2\/pages\/410","targetHints":{"allow":["GET"]}}],"collection":[{"href":"https:\/\/serwisokien24h.pl\/index.php\/wp-json\/wp\/v2\/pages"}],"about":[{"href":"https:\/\/serwisokien24h.pl\/index.php\/wp-json\/wp\/v2\/types\/page"}],"author":[{"embeddable":true,"href":"https:\/\/serwisokien24h.pl\/index.php\/wp-json\/wp\/v2\/users\/1"}],"replies":[{"embeddable":true,"href":"https:\/\/serwisokien24h.pl\/index.php\/wp-json\/wp\/v2\/comments?post=410"}],"version-history":[{"count":25,"href":"https:\/\/serwisokien24h.pl\/index.php\/wp-json\/wp\/v2\/pages\/410\/revisions"}],"predecessor-version":[{"id":2253,"href":"https:\/\/serwisokien24h.pl\/index.php\/wp-json\/wp\/v2\/pages\/410\/revisions\/2253"}],"wp:attachment":[{"href":"https:\/\/serwisokien24h.pl\/index.php\/wp-json\/wp\/v2\/media?parent=410"}],"curies":[{"name":"wp","href":"https:\/\/api.w.org\/{rel}","templated":true}]}}